{"id":34,"date":"2023-04-15T10:33:41","date_gmt":"2023-04-15T08:33:41","guid":{"rendered":"https:\/\/anja-bever.de\/?page_id=34"},"modified":"2023-05-23T14:08:00","modified_gmt":"2023-05-23T12:08:00","slug":"anja-bever-erzaehlt","status":"publish","type":"page","link":"https:\/\/anja-bever.de\/?page_id=34","title":{"rendered":"Anja Bever erz\u00e4hlt"},"content":{"rendered":"\n<div class=\"wp-block-media-text alignwide is-stacked-on-mobile\" style=\"grid-template-columns:39% auto\"><figure class=\"wp-block-media-text__media\"><img loading=\"lazy\" decoding=\"async\" width=\"525\" height=\"549\" src=\"https:\/\/anja-bever.de\/wp-content\/uploads\/2023\/04\/anjabever-1.jpg\" alt=\"\" class=\"wp-image-35 size-full\" srcset=\"https:\/\/anja-bever.de\/wp-content\/uploads\/2023\/04\/anjabever-1.jpg 525w, https:\/\/anja-bever.de\/wp-content\/uploads\/2023\/04\/anjabever-1-287x300.jpg 287w\" sizes=\"auto, (max-width: 525px) 100vw, 525px\" \/><\/figure><div class=\"wp-block-media-text__content\">\n<p>Anja Bever erz\u00e4hlt in ihren Geschichten von den verborgenen Seiten des Lebens, von dem was sich zun\u00e4chst dem Blick entzieht. Durchaus er\u00f6ffnet sich dabei manch undurchschaubarer Abgrund. Ihre Helden stellt sie jedoch in einen \u00fcberraschenden, oft skurrilen Zusammenhang, der am Ende ein befreiendes Lachen provoziert und Hand aufs Herz einen Blick auf die eigenen geheimen Seiten er\u00f6ffnet.<\/p>\n<\/div><\/div>\n\n\n\n<div style=\"height:62px\" aria-hidden=\"true\" class=\"wp-block-spacer\"><\/div>\n\n\n\n<h2 class=\"wp-block-heading\">Mein Angebot<\/h2>\n\n\n\n<p>Sie k\u00f6nnen entweder aus dem aktuellen Programmen w\u00e4hlen, oder sich ein individuelles Programm zusammenstellen lassen. In meinem Kopf habe ich eine Menge von Geschichten geschichtet, selbstgemachte oder aus der Literatur. Selbstverst\u00e4ndlich k\u00f6nnen alle Programme auch als Eventdinner veranstaltet werden.<\/p>\n\n\n\n<div class=\"wp-block-group\"><div class=\"wp-block-group__inner-container is-layout-constrained wp-block-group-is-layout-constrained\">\n<div class=\"wp-block-buttons alignwide is-layout-flex wp-block-buttons-is-layout-flex\">\n<div class=\"wp-block-button has-custom-width wp-block-button__width-50 is-style-outline is-style-outline--1\"><a class=\"wp-block-button__link wp-element-button\" href=\"https:\/\/anja-bever.de\/?page_id=87\">Anjas Soloprogramm<\/a><\/div>\n\n\n\n<div class=\"wp-block-button has-custom-width wp-block-button__width-50 has-custom-font-size is-style-outline has-medium-font-size is-style-outline--2\"><a class=\"wp-block-button__link wp-element-button\" href=\"https:\/\/anja-bever.de\/?page_id=97\">Anjas Klassenzimmertheater<\/a><\/div>\n<\/div>\n<\/div><\/div>\n\n\n\n<div style=\"height:44px\" aria-hidden=\"true\" class=\"wp-block-spacer\"><\/div>\n\n\n\n<h2 class=\"wp-block-heading\">Krimi-Theater oder was?<\/h2>\n\n\n\n<div class=\"wp-block-columns is-layout-flex wp-container-core-columns-is-layout-9d6595d7 wp-block-columns-is-layout-flex\">\n<div class=\"wp-block-column is-layout-flow wp-block-column-is-layout-flow\">\n<h4 class=\"wp-block-heading\">Was ich erz\u00e4hle<\/h4>\n\n\n\n<p>Mein Metier sind die verborgenen Seiten des Lebens. Und so erz\u00e4hle ich von dem was sich zun\u00e4chst dem Blick entzieht. Durchaus er\u00f6ffnet sich dabei manch undurchschaubarer Abgrund. Die Helden jedoch sind Figuren des Alltags, die ich in einen \u00fcberraschenden, oft skurrilen Zusammenhang stelle, der am Ende ein befreiendes Lachen provoziert und Hand aufs Herz einen Blick auf die eigenen geheimen Seiten er\u00f6ffnet.<\/p>\n<\/div>\n\n\n\n<div class=\"wp-block-column is-layout-flow wp-block-column-is-layout-flow\">\n<h4 class=\"wp-block-heading\">Wie ich erz\u00e4hle<\/h4>\n\n\n\n<p>Die Geschichten werden frei erz\u00e4hlt. Das Publikum erlebt dabei, dass ich Erz\u00e4hler und Protagonist in einem bin. Ganz nach dem Motto \u201esowohl als auch\u201c wechsele ich von der Erz\u00e4hlung in die Darstellung und umgekehrt. Mein Ziel ist es, derart mit dem Publikum in Interaktion zu treten, dass es sich mit mir wie in einem privaten Gespr\u00e4ch f\u00fchlt, wo das Private \u00f6ffentlich und das \u00d6ffentliche privat wird.<\/p>\n<\/div>\n<\/div>\n\n\n\n<h2 class=\"wp-block-heading\">Kostprobe gef\u00e4llig?<\/h2>\n\n\n\n<div class=\"wp-block-columns is-layout-flex wp-container-core-columns-is-layout-9d6595d7 wp-block-columns-is-layout-flex\">\n<div class=\"wp-block-column is-layout-flow wp-block-column-is-layout-flow\">\n<figure class=\"wp-block-embed alignwide is-type-video is-provider-youtube wp-block-embed-youtube wp-embed-aspect-16-9 wp-has-aspect-ratio\"><div class=\"wp-block-embed__wrapper\">\n<iframe loading=\"lazy\" title=\"Anja Bever Impressionen zu Alfred Andersch Sansibar oder der letzte Grund\" width=\"768\" height=\"432\" src=\"https:\/\/www.youtube.com\/embed\/qJFsiHXjrDM?feature=oembed\" frameborder=\"0\" allow=\"accelerometer; autoplay; clipboard-write; encrypted-media; gyroscope; picture-in-picture; web-share\" allowfullscreen><\/iframe>\n<\/div><\/figure>\n<\/div>\n\n\n\n<div class=\"wp-block-column is-vertically-aligned-center is-layout-flow wp-block-column-is-layout-flow\">\n<p>Impressionen zu <strong>Sansibar oder der letzte Grund<\/strong> von Alfred Andersch <\/p>\n<\/div>\n<\/div>\n\n\n\n<p><\/p>\n\n\n\n<p><strong>Anja Bever erz\u00e4hlt &#8211; Programmflyer zum Download<\/strong><\/p>\n\n\n\n<div data-wp-interactive=\"core\/file\" class=\"wp-block-file\"><object data-wp-bind--hidden=\"!state.hasPdfPreview\" hidden class=\"wp-block-file__embed\" data=\"https:\/\/anja-bever.de\/wp-content\/uploads\/2023\/05\/Anja_Bever_Erzaehlt_web-1.pdf\" type=\"application\/pdf\" style=\"width:100%;height:800px\" aria-label=\"Einbettung von Anja Bever Erz\u00e4hlt Flyer.\"><\/object><a id=\"wp-block-file--media-7b76bd1a-1c81-43cb-a2ed-6043901d74f2\" href=\"https:\/\/anja-bever.de\/wp-content\/uploads\/2023\/05\/Anja_Bever_Erzaehlt_web-1.pdf\">Anja Bever Erz\u00e4hlt Flyer<\/a><a href=\"https:\/\/anja-bever.de\/wp-content\/uploads\/2023\/05\/Anja_Bever_Erzaehlt_web-1.pdf\" class=\"wp-block-file__button wp-element-button\" download aria-describedby=\"wp-block-file--media-7b76bd1a-1c81-43cb-a2ed-6043901d74f2\">Herunterladen<\/a><\/div>\n","protected":false},"excerpt":{"rendered":"<p>Anja Bever erz\u00e4hlt in ihren Geschichten von den verborgenen Seiten des Lebens, von dem was sich zun\u00e4chst dem Blick entzieht. Durchaus er\u00f6ffnet sich dabei manch undurchschaubarer Abgrund. Ihre Helden stellt [&hellip;]<\/p>\n","protected":false},"author":1,"featured_media":0,"parent":0,"menu_order":0,"comment_status":"closed","ping_status":"closed","template":"","meta":{"footnotes":""},"class_list":["post-34","page","type-page","status-publish","hentry"],"_links":{"self":[{"href":"https:\/\/anja-bever.de\/index.php?rest_route=\/wp\/v2\/pages\/34","targetHints":{"allow":["GET"]}}],"collection":[{"href":"https:\/\/anja-bever.de\/index.php?rest_route=\/wp\/v2\/pages"}],"about":[{"href":"https:\/\/anja-bever.de\/index.php?rest_route=\/wp\/v2\/types\/page"}],"author":[{"embeddable":true,"href":"https:\/\/anja-bever.de\/index.php?rest_route=\/wp\/v2\/users\/1"}],"replies":[{"embeddable":true,"href":"https:\/\/anja-bever.de\/index.php?rest_route=%2Fwp%2Fv2%2Fcomments&post=34"}],"version-history":[{"count":10,"href":"https:\/\/anja-bever.de\/index.php?rest_route=\/wp\/v2\/pages\/34\/revisions"}],"predecessor-version":[{"id":112,"href":"https:\/\/anja-bever.de\/index.php?rest_route=\/wp\/v2\/pages\/34\/revisions\/112"}],"wp:attachment":[{"href":"https:\/\/anja-bever.de\/index.php?rest_route=%2Fwp%2Fv2%2Fmedia&parent=34"}],"curies":[{"name":"wp","href":"https:\/\/api.w.org\/{rel}","templated":true}]}}