{"id":4,"date":"2023-04-15T05:40:02","date_gmt":"2023-04-15T05:40:02","guid":{"rendered":"https:\/\/anja-bever.de\/?page_id=4"},"modified":"2025-08-15T20:46:37","modified_gmt":"2025-08-15T18:46:37","slug":"willkommen-auf-https-anja-bever-de","status":"publish","type":"page","link":"https:\/\/anja-bever.de\/","title":{"rendered":"Anja Bever"},"content":{"rendered":"\n<div class=\"wp-block-media-text alignwide is-stacked-on-mobile is-vertically-aligned-center has-background\" style=\"background-color:#f9d0d0;grid-template-columns:35% auto\"><figure class=\"wp-block-media-text__media\"><img loading=\"lazy\" decoding=\"async\" width=\"287\" height=\"300\" src=\"https:\/\/anja-bever.de\/wp-content\/uploads\/2023\/04\/anjabever-287x300.jpg\" alt=\"\" class=\"wp-image-33 size-medium\" srcset=\"https:\/\/anja-bever.de\/wp-content\/uploads\/2023\/04\/anjabever-287x300.jpg 287w, https:\/\/anja-bever.de\/wp-content\/uploads\/2023\/04\/anjabever.jpg 525w\" sizes=\"auto, (max-width: 287px) 100vw, 287px\" \/><\/figure><div class=\"wp-block-media-text__content\">\n<h1 class=\"wp-block-heading has-text-align-center has-extra-small-font-size\">Erz\u00e4hltheater und Natural Voice Stimmtraining<\/h1>\n<\/div><\/div>\n\n\n\n<div style=\"height:49px\" aria-hidden=\"true\" class=\"wp-block-spacer\"><\/div>\n\n\n\n<p>Vielen Dank f\u00fcr Ihren Besuch!<\/p>\n\n\n\n<p>Diese Seite befindet sich derzeit im Umbau. Anja Bever und ihr Team bem\u00fchen sich auf dieser Seite aktuelle Informationen zu Programm und Kursen bereitzustellen. F\u00fcr die aktuellsten Informationen k\u00f6nnen Sie gerne eine Email an info@anja-bever.de schicken. Wir freuen uns von Ihnen zu h\u00f6ren.<\/p>\n\n\n\n<div style=\"height:52px\" aria-hidden=\"true\" class=\"wp-block-spacer\"><\/div>\n\n\n\n<p><strong>\u00dcber Anja Bever<\/strong><\/p>\n\n\n\n<p>Anja Bever erz\u00e4hlt in ihren Geschichten von den verborgenen Seiten des Lebens, von dem was sich zun\u00e4chst dem Blick entzieht. Durchaus er\u00f6ffnet sich dabei manch undurchschaubarer Abgrund. Ihre Helden stellt sie jedoch in einen \u00fcberraschenden, oft skurrilen Zusammenhang, der am Ende ein befreiendes Lachen provoziert und Hand aufs Herz einen Blick auf die eigenen geheimen Seiten er\u00f6ffnet. <\/p>\n\n\n\n<div class=\"wp-block-buttons has-custom-font-size has-medium-font-size is-content-justification-center is-layout-flex wp-container-core-buttons-is-layout-16018d1d wp-block-buttons-is-layout-flex\">\n<div class=\"wp-block-button has-custom-width wp-block-button__width-75 has-custom-font-size is-style-outline has-medium-font-size is-style-outline--1\"><a class=\"wp-block-button__link wp-element-button\" href=\"https:\/\/anja-bever.de\/?page_id=34\" style=\"border-radius:5px\">Mehr zu Anja Bever erz\u00e4hlt<\/a><\/div>\n<\/div>\n\n\n\n<div style=\"height:50px\" aria-hidden=\"true\" class=\"wp-block-spacer\"><\/div>\n\n\n\n<h1 class=\"wp-block-heading\">Impressionen<\/h1>\n\n\n\n<div class=\"wp-block-columns is-layout-flex wp-container-core-columns-is-layout-9d6595d7 wp-block-columns-is-layout-flex\">\n<div class=\"wp-block-column is-layout-flow wp-block-column-is-layout-flow\">\n<h4 class=\"wp-block-heading\">Aus dem Soloprogramm<\/h4>\n\n\n\n<figure class=\"wp-block-embed is-type-video is-provider-youtube wp-block-embed-youtube wp-embed-aspect-16-9 wp-has-aspect-ratio\"><div class=\"wp-block-embed__wrapper\">\n<iframe loading=\"lazy\" title=\"Anja_Bever_erz\u00e4hlt\" width=\"768\" height=\"432\" src=\"https:\/\/www.youtube.com\/embed\/x8IZV7csYks?feature=oembed\" frameborder=\"0\" allow=\"accelerometer; autoplay; clipboard-write; encrypted-media; gyroscope; picture-in-picture; web-share\" referrerpolicy=\"strict-origin-when-cross-origin\" allowfullscreen><\/iframe>\n<\/div><figcaption class=\"wp-element-caption\">Auszug aus Anja Bevers Abendprogram<\/figcaption><\/figure>\n\n\n\n<div class=\"wp-block-buttons has-custom-font-size has-medium-font-size is-content-justification-center is-layout-flex wp-container-core-buttons-is-layout-16018d1d wp-block-buttons-is-layout-flex\">\n<div class=\"wp-block-button has-custom-width wp-block-button__width-50 has-custom-font-size is-style-outline has-small-font-size is-style-outline--2\"><a class=\"wp-block-button__link wp-element-button\" style=\"border-radius:5px\">Zum Soloprogramm<\/a><\/div>\n<\/div>\n<\/div>\n\n\n\n<div class=\"wp-block-column is-layout-flow wp-block-column-is-layout-flow\">\n<h4 class=\"wp-block-heading\">Aus dem Klassenzimmertheater<\/h4>\n\n\n\n<figure class=\"wp-block-embed is-type-video is-provider-youtube wp-block-embed-youtube wp-embed-aspect-16-9 wp-has-aspect-ratio\"><div class=\"wp-block-embed__wrapper\">\n<iframe loading=\"lazy\" title=\"Anja Klassenzimmer Theater\" width=\"768\" height=\"432\" src=\"https:\/\/www.youtube.com\/embed\/RlqL8e6EFcU?feature=oembed\" frameborder=\"0\" allow=\"accelerometer; autoplay; clipboard-write; encrypted-media; gyroscope; picture-in-picture; web-share\" referrerpolicy=\"strict-origin-when-cross-origin\" allowfullscreen><\/iframe>\n<\/div><figcaption class=\"wp-element-caption\">Anjas Klassenzimmertheater<\/figcaption><\/figure>\n\n\n\n<div class=\"wp-block-buttons is-content-justification-center is-layout-flex wp-container-core-buttons-is-layout-16018d1d wp-block-buttons-is-layout-flex\">\n<div class=\"wp-block-button has-custom-font-size is-style-outline has-small-font-size is-style-outline--3\"><a class=\"wp-block-button__link wp-element-button\" style=\"border-radius:5px\">Zu Anjas Klassenzimmertheater<\/a><\/div>\n<\/div>\n<\/div>\n<\/div>\n\n\n\n<div style=\"height:37px\" aria-hidden=\"true\" class=\"wp-block-spacer\"><\/div>\n","protected":false},"excerpt":{"rendered":"<p>Erz\u00e4hltheater und Natural Voice Stimmtraining Vielen Dank f\u00fcr Ihren Besuch! Diese Seite befindet sich derzeit im Umbau. Anja Bever und ihr Team bem\u00fchen sich auf dieser Seite aktuelle Informationen zu [&hellip;]<\/p>\n","protected":false},"author":1,"featured_media":0,"parent":0,"menu_order":0,"comment_status":"closed","ping_status":"open","template":"","meta":{"footnotes":""},"class_list":["post-4","page","type-page","status-publish","hentry"],"_links":{"self":[{"href":"https:\/\/anja-bever.de\/index.php?rest_route=\/wp\/v2\/pages\/4","targetHints":{"allow":["GET"]}}],"collection":[{"href":"https:\/\/anja-bever.de\/index.php?rest_route=\/wp\/v2\/pages"}],"about":[{"href":"https:\/\/anja-bever.de\/index.php?rest_route=\/wp\/v2\/types\/page"}],"author":[{"embeddable":true,"href":"https:\/\/anja-bever.de\/index.php?rest_route=\/wp\/v2\/users\/1"}],"replies":[{"embeddable":true,"href":"https:\/\/anja-bever.de\/index.php?rest_route=%2Fwp%2Fv2%2Fcomments&post=4"}],"version-history":[{"count":14,"href":"https:\/\/anja-bever.de\/index.php?rest_route=\/wp\/v2\/pages\/4\/revisions"}],"predecessor-version":[{"id":120,"href":"https:\/\/anja-bever.de\/index.php?rest_route=\/wp\/v2\/pages\/4\/revisions\/120"}],"wp:attachment":[{"href":"https:\/\/anja-bever.de\/index.php?rest_route=%2Fwp%2Fv2%2Fmedia&parent=4"}],"curies":[{"name":"wp","href":"https:\/\/api.w.org\/{rel}","templated":true}]}}