{"id":8,"date":"2023-04-15T06:01:52","date_gmt":"2023-04-15T06:01:52","guid":{"rendered":"https:\/\/anja-bever.de\/?page_id=8"},"modified":"2023-04-15T09:06:16","modified_gmt":"2023-04-15T07:06:16","slug":"impressum","status":"publish","type":"page","link":"https:\/\/anja-bever.de\/?page_id=8","title":{"rendered":"Impressum"},"content":{"rendered":"\n<p>Anja Bever, Tsingtauerstra\u00dfe 85, 81827 M\u00fcnchen, Deutschland <\/p>\n\n\n\n<p>Urheberrecht: Inhalt und Struktur dieser Website sind urheberrechtlich gesch\u00fctzt. Jede Verbreitung, Vervielf\u00e4ltigung, Ver\u00f6ffentlichung der auf dieser Homepage ver\u00f6ffentlichten Daten, Fotos, Videos, Texte bedarf der vorherigen ausdr\u00fccklichen Genehmigung durch Anja Bever. Haftungshinweis: Diese Website wurde mit gr\u00f6\u00dftm\u00f6glicher Sorgfalt zusammengestellt. Trotzdem kann keine Gew\u00e4hr f\u00fcr die Fehlerfreiheit und Genauigkeit der enthaltenen Informationen \u00fcbernommen werden. Jegliche Haftung f\u00fcr Sch\u00e4den, die direkt oder indirekt aus der Benutzung dieser Website entstehen, wird ausgeschlossen. Der Verfasser hat keinen Einfluss auf die Inhalte verlinkter Seiten au\u00dferhalb der Domain www.anja-bever.de und distanziert sich hiermit ausdr\u00fccklich von diesen Inhalten, sofern sie gesetzlichen Vorschriften widersprechen.<\/p>\n","protected":false},"excerpt":{"rendered":"<p>Anja Bever, Tsingtauerstra\u00dfe 85, 81827 M\u00fcnchen, Deutschland Urheberrecht: Inhalt und Struktur dieser Website sind urheberrechtlich gesch\u00fctzt. Jede Verbreitung, Vervielf\u00e4ltigung, Ver\u00f6ffentlichung der auf dieser Homepage ver\u00f6ffentlichten Daten, Fotos, Videos, Texte bedarf [&hellip;]<\/p>\n","protected":false},"author":1,"featured_media":0,"parent":0,"menu_order":0,"comment_status":"closed","ping_status":"closed","template":"","meta":{"footnotes":""},"class_list":["post-8","page","type-page","status-publish","hentry"],"_links":{"self":[{"href":"https:\/\/anja-bever.de\/index.php?rest_route=\/wp\/v2\/pages\/8","targetHints":{"allow":["GET"]}}],"collection":[{"href":"https:\/\/anja-bever.de\/index.php?rest_route=\/wp\/v2\/pages"}],"about":[{"href":"https:\/\/anja-bever.de\/index.php?rest_route=\/wp\/v2\/types\/page"}],"author":[{"embeddable":true,"href":"https:\/\/anja-bever.de\/index.php?rest_route=\/wp\/v2\/users\/1"}],"replies":[{"embeddable":true,"href":"https:\/\/anja-bever.de\/index.php?rest_route=%2Fwp%2Fv2%2Fcomments&post=8"}],"version-history":[{"count":3,"href":"https:\/\/anja-bever.de\/index.php?rest_route=\/wp\/v2\/pages\/8\/revisions"}],"predecessor-version":[{"id":27,"href":"https:\/\/anja-bever.de\/index.php?rest_route=\/wp\/v2\/pages\/8\/revisions\/27"}],"wp:attachment":[{"href":"https:\/\/anja-bever.de\/index.php?rest_route=%2Fwp%2Fv2%2Fmedia&parent=8"}],"curies":[{"name":"wp","href":"https:\/\/api.w.org\/{rel}","templated":true}]}}