{"id":87,"date":"2023-05-23T11:46:42","date_gmt":"2023-05-23T09:46:42","guid":{"rendered":"https:\/\/anja-bever.de\/?page_id=87"},"modified":"2023-05-23T14:00:58","modified_gmt":"2023-05-23T12:00:58","slug":"soloprogramme","status":"publish","type":"page","link":"https:\/\/anja-bever.de\/?page_id=87","title":{"rendered":"Soloprogramme"},"content":{"rendered":"\n<h3 class=\"wp-block-heading\">Reden wie Schweigen, Silber ist Gold<\/h3>\n\n\n\n<p>Ein satirisch, kriminalistischer Abend erwartet Sie, bei dem man sich nie ganz sicher ist, ob das Verbrechen aus purer Lust, kalter Berechnung oder reiner M\u00fctterlichkeit geschah.<\/p>\n\n\n\n<figure class=\"wp-block-embed aligncenter is-type-video is-provider-youtube wp-block-embed-youtube wp-embed-aspect-16-9 wp-has-aspect-ratio\"><div class=\"wp-block-embed__wrapper\">\n<iframe loading=\"lazy\" title=\"Anja_Bever_erz\u00e4hlt\" width=\"768\" height=\"432\" src=\"https:\/\/www.youtube.com\/embed\/x8IZV7csYks?feature=oembed\" frameborder=\"0\" allow=\"accelerometer; autoplay; clipboard-write; encrypted-media; gyroscope; picture-in-picture; web-share\" referrerpolicy=\"strict-origin-when-cross-origin\" allowfullscreen><\/iframe>\n<\/div><figcaption class=\"wp-element-caption\">Impressionen aus meinen Soloprogrammen<\/figcaption><\/figure>\n\n\n\n<h3 class=\"wp-block-heading\">Um Haaresbreite &amp; alles was dazwischen liegen kann<\/h3>\n\n\n\n<p>Haarscharf, haarklein und haargenau geht es zur Sache. Da kann es schon mal passieren, dass SIE zu drastischen Ma\u00dfnahmen greift, um sicher zu gehen, dass ER nicht blo\u00df ihr Haar liebt, sondern SIE. Ein Abend voll gro\u00dfer Gef\u00fchle und skurriler Verirrungen und wie man um Haaresbreite den sicheren Rand des Abgrunds verfehlt.<\/p>\n\n\n\n<h3 class=\"wp-block-heading\">Je heil\u2018ger die Zeit, desto b\u00f6ser die Leut\u2018<\/h3>\n\n\n\n<p>Ein Weihnachtsprogramm \/\/ An Weihnachten kommt die Wahrheit auf den Tisch \u2013 satirisch verpackt und unverbl\u00fcmt erz\u00e4hlt. Manch giftiger Gedanke treibt absurde Bl\u00fcten im Rausch der Festtage, so dass die Domina durchaus mal zur Devoten wird.<\/p>\n\n\n\n<h3 class=\"wp-block-heading\">Gr\u00fc\u00df G\u00f6ttin!<\/h3>\n\n\n\n<p>Ein Wirtshausprogramm \/\/ Bayern ist sch\u00f6n. In Bayern gescheh\u2018n noch wahre Wunder. Und in Bayern gibt\u2019s die sch\u00f6nsten M\u00e4nner der Welt.<\/p>\n\n\n\n<div style=\"height:69px\" aria-hidden=\"true\" class=\"wp-block-spacer\"><\/div>\n\n\n\n<p>Das gesamte Anja Bever erz\u00e4hlt Programm k\u00f6nnen Sie auch hier herunterladen.<\/p>\n\n\n\n<div data-wp-interactive=\"core\/file\" class=\"wp-block-file\"><object data-wp-bind--hidden=\"!state.hasPdfPreview\" hidden class=\"wp-block-file__embed\" data=\"https:\/\/anja-bever.de\/wp-content\/uploads\/2023\/05\/Anja_Bever_Erzaehlt_web-1.pdf\" type=\"application\/pdf\" style=\"width:100%;height:800px\" aria-label=\"Einbettung von Anja Bever Erz\u00e4hlt Flyer.\"><\/object><a id=\"wp-block-file--media-f2fbd13c-8840-4f66-aa83-8c81f981d6e4\" href=\"https:\/\/anja-bever.de\/wp-content\/uploads\/2023\/05\/Anja_Bever_Erzaehlt_web-1.pdf\">Anja Bever Erz\u00e4hlt Flyer<\/a><a href=\"https:\/\/anja-bever.de\/wp-content\/uploads\/2023\/05\/Anja_Bever_Erzaehlt_web-1.pdf\" class=\"wp-block-file__button wp-element-button\" download aria-describedby=\"wp-block-file--media-f2fbd13c-8840-4f66-aa83-8c81f981d6e4\">Herunterladen<\/a><\/div>\n","protected":false},"excerpt":{"rendered":"<p>Reden wie Schweigen, Silber ist Gold Ein satirisch, kriminalistischer Abend erwartet Sie, bei dem man sich nie ganz sicher ist, ob das Verbrechen aus purer Lust, kalter Berechnung oder reiner [&hellip;]<\/p>\n","protected":false},"author":1,"featured_media":0,"parent":34,"menu_order":0,"comment_status":"closed","ping_status":"closed","template":"","meta":{"footnotes":""},"class_list":["post-87","page","type-page","status-publish","hentry"],"_links":{"self":[{"href":"https:\/\/anja-bever.de\/index.php?rest_route=\/wp\/v2\/pages\/87","targetHints":{"allow":["GET"]}}],"collection":[{"href":"https:\/\/anja-bever.de\/index.php?rest_route=\/wp\/v2\/pages"}],"about":[{"href":"https:\/\/anja-bever.de\/index.php?rest_route=\/wp\/v2\/types\/page"}],"author":[{"embeddable":true,"href":"https:\/\/anja-bever.de\/index.php?rest_route=\/wp\/v2\/users\/1"}],"replies":[{"embeddable":true,"href":"https:\/\/anja-bever.de\/index.php?rest_route=%2Fwp%2Fv2%2Fcomments&post=87"}],"version-history":[{"count":6,"href":"https:\/\/anja-bever.de\/index.php?rest_route=\/wp\/v2\/pages\/87\/revisions"}],"predecessor-version":[{"id":110,"href":"https:\/\/anja-bever.de\/index.php?rest_route=\/wp\/v2\/pages\/87\/revisions\/110"}],"up":[{"embeddable":true,"href":"https:\/\/anja-bever.de\/index.php?rest_route=\/wp\/v2\/pages\/34"}],"wp:attachment":[{"href":"https:\/\/anja-bever.de\/index.php?rest_route=%2Fwp%2Fv2%2Fmedia&parent=87"}],"curies":[{"name":"wp","href":"https:\/\/api.w.org\/{rel}","templated":true}]}}