{"id":97,"date":"2023-05-23T13:13:36","date_gmt":"2023-05-23T11:13:36","guid":{"rendered":"https:\/\/anja-bever.de\/?page_id=97"},"modified":"2023-05-23T13:13:36","modified_gmt":"2023-05-23T11:13:36","slug":"anjas-klassenzimmertheater","status":"publish","type":"page","link":"https:\/\/anja-bever.de\/?page_id=97","title":{"rendered":"Anjas Klassenzimmertheater"},"content":{"rendered":"\n<h3 class=\"wp-block-heading\">Szenenwechsel \u2013 Geschichten begegnen<\/h3>\n\n\n\n<p>Das Klassenzimmer wird kurzerhand zum Theaterzimmer, die Unterrichtsituation wandelt sich in ein B\u00fchnengeschehen, Bilder-, Fantasie- und Erlebnisgeschichten, Fabeln, Novellen und Dramen werden lebendig. Die Sch\u00fcler erleben Literatur in ihrer urspr\u00fcnglichen Form des Erz\u00e4hlens.<\/p>\n\n\n\n<h3 class=\"wp-block-heading\">Erz\u00e4hlen an weiterf\u00fchrenden Schulen<\/h3>\n\n\n\n<h4 class=\"wp-block-heading\">Literatur Er-Leben hei\u00dft hier mein Motto.<\/h4>\n\n\n\n<p>Mein Ziel ist es bei jungen Heranwachsenden Interesse und Freude an Literatur zu wecken. Wie in einem Film lasse ich in den K\u00f6pfen der Sch\u00fcler Bilder entstehen und erz\u00e4hle so ganze Romane in eigener literarischer Bearbeitung. Ich m\u00f6chte neugierig machen auf MEHR, um dann dem Autor und Dichter die Tonspur zu \u00fcberlassen, die eine Novelle, einen Roman, ein Drama einzigartig macht.<\/p>\n\n\n\n<h4 class=\"wp-block-heading\">Mein Angebot ab Klasse 5:<\/h4>\n\n\n\n<ul class=\"wp-block-list\">\n<li><strong>Krabat <\/strong>von Otfried Preu\u00dfler <\/li>\n\n\n\n<li><strong>Der Teufel mit den drei goldenen Haa<\/strong>ren M\u00e4rchen der Gebr\u00fcder Grimm<\/li>\n\n\n\n<li><strong>Aeneas<\/strong> von Auguste Lechner <\/li>\n\n\n\n<li><strong>Nibelungenlied<\/strong> von Auguste Lechner <\/li>\n\n\n\n<li><strong>Der Richter und sein Henker <\/strong>von Friedrich D\u00fcrrenmatt <\/li>\n\n\n\n<li><strong>Der Besuch der alten Dame<\/strong> von Friedrich D\u00fcrrenmatt<\/li>\n\n\n\n<li><strong>Schachnovelle<\/strong> von Stefan Zweig <\/li>\n\n\n\n<li><strong>Effie Briest<\/strong> von Theodor Fontane<br><strong>Der Steppenwolf<\/strong> von Hermann Hesse<\/li>\n<\/ul>\n\n\n\n<figure class=\"wp-block-embed is-type-video is-provider-youtube wp-block-embed-youtube wp-embed-aspect-16-9 wp-has-aspect-ratio\"><div class=\"wp-block-embed__wrapper\">\n<iframe loading=\"lazy\" title=\"Anja Klassenzimmer Theater\" width=\"768\" height=\"432\" src=\"https:\/\/www.youtube.com\/embed\/RlqL8e6EFcU?feature=oembed\" frameborder=\"0\" allow=\"accelerometer; autoplay; clipboard-write; encrypted-media; gyroscope; picture-in-picture; web-share\" allowfullscreen><\/iframe>\n<\/div><\/figure>\n\n\n\n<h3 class=\"wp-block-heading\">Erz\u00e4hlen in der Grundschule<\/h3>\n\n\n\n<p>In der Grundschule erz\u00e4hle ich einfache Geschichten, bei denen die Kinder mitwirken k\u00f6nnen. Oft sind diese durch ein kleines japanisches Tischtheater bildgest\u00fctzt. Fabeln, M\u00e4rchen oder Legenden sind in eine Rahmengeschichte gebettet, die an den Alltag der Kinder oder an aktuelle Lernsituationen ankn\u00fcpfen.<\/p>\n\n\n\n<h4 class=\"wp-block-heading\">Mein literarisches Angebot f\u00fcr die 3. und 4. Klasse:<\/h4>\n\n\n\n<p><strong>Das Vamperl<\/strong> von Renate Welsh <\/p>\n\n\n\n<p><strong>Der \u00fcberaus starke Willibald<\/strong> von Willi F\u00e4hrmann<\/p>\n\n\n\n<p><\/p>\n","protected":false},"excerpt":{"rendered":"<p>Szenenwechsel \u2013 Geschichten begegnen Das Klassenzimmer wird kurzerhand zum Theaterzimmer, die Unterrichtsituation wandelt sich in ein B\u00fchnengeschehen, Bilder-, Fantasie- und Erlebnisgeschichten, Fabeln, Novellen und Dramen werden lebendig. Die Sch\u00fcler erleben [&hellip;]<\/p>\n","protected":false},"author":1,"featured_media":0,"parent":34,"menu_order":2,"comment_status":"closed","ping_status":"closed","template":"","meta":{"footnotes":""},"class_list":["post-97","page","type-page","status-publish","hentry"],"_links":{"self":[{"href":"https:\/\/anja-bever.de\/index.php?rest_route=\/wp\/v2\/pages\/97","targetHints":{"allow":["GET"]}}],"collection":[{"href":"https:\/\/anja-bever.de\/index.php?rest_route=\/wp\/v2\/pages"}],"about":[{"href":"https:\/\/anja-bever.de\/index.php?rest_route=\/wp\/v2\/types\/page"}],"author":[{"embeddable":true,"href":"https:\/\/anja-bever.de\/index.php?rest_route=\/wp\/v2\/users\/1"}],"replies":[{"embeddable":true,"href":"https:\/\/anja-bever.de\/index.php?rest_route=%2Fwp%2Fv2%2Fcomments&post=97"}],"version-history":[{"count":2,"href":"https:\/\/anja-bever.de\/index.php?rest_route=\/wp\/v2\/pages\/97\/revisions"}],"predecessor-version":[{"id":99,"href":"https:\/\/anja-bever.de\/index.php?rest_route=\/wp\/v2\/pages\/97\/revisions\/99"}],"up":[{"embeddable":true,"href":"https:\/\/anja-bever.de\/index.php?rest_route=\/wp\/v2\/pages\/34"}],"wp:attachment":[{"href":"https:\/\/anja-bever.de\/index.php?rest_route=%2Fwp%2Fv2%2Fmedia&parent=97"}],"curies":[{"name":"wp","href":"https:\/\/api.w.org\/{rel}","templated":true}]}}